{"id":217,"date":"2019-08-10T16:12:51","date_gmt":"2019-08-10T14:12:51","guid":{"rendered":"http:\/\/serwinowski.pl\/?page_id=217"},"modified":"2019-11-20T18:20:57","modified_gmt":"2019-11-20T17:20:57","slug":"meble","status":"publish","type":"page","link":"http:\/\/serwinowski.pl\/index.php\/meble\/","title":{"rendered":"Meble"},"content":{"rendered":"<p>[et_pb_section fb_built=&#8221;1&#8243; fullwidth=&#8221;on&#8221; _builder_version=&#8221;3.23.3&#8243;][et_pb_fullwidth_slider _builder_version=&#8221;3.23.3&#8243; background_image=&#8221;http:\/\/serwinowski.pl\/wp-content\/uploads\/2019\/08\/2681848.jpg&#8221;][et_pb_slide heading=&#8221;Meble na wymiar&#8221; image=&#8221;http:\/\/serwinowski.pl\/wp-content\/uploads\/2019\/08\/logo-kuchnie-1.png&#8221; _builder_version=&#8221;3.23.3&#8243; background_color=&#8221;rgba(0,0,0,0)&#8221; background_layout=&#8221;light&#8221; text_shadow_style=&#8221;preset5&#8243;]<\/p>\n<p><span>Studio Kuchnie Projektowane powsta\u0142o w 2000 roku w Bochni. \u015awiadczymy us\u0142ugi z zakresu projektowania, produkcji oraz sprzeda\u017cy mebli kuchennych.<\/span><\/p>\n<p>[\/et_pb_slide][\/et_pb_fullwidth_slider][\/et_pb_section][et_pb_section fb_built=&#8221;1&#8243; fullwidth=&#8221;on&#8221; _builder_version=&#8221;3.23.3&#8243;][et_pb_fullwidth_code _builder_version=&#8221;3.23.3&#8243; custom_padding=&#8221;40px|||||&#8221;]<center><\/p>\n<h1><!-- [et_pb_line_break_holder] -->  Odwiedzi\u0142e\u015b nasz\u0105 firm\u0119, zobaczy\u0142e\u015b ekspozycj\u0119 i co dalej?<!-- [et_pb_line_break_holder] --><\/h1>\n<p><\/center>[\/et_pb_fullwidth_code][\/et_pb_section][et_pb_section fb_built=&#8221;1&#8243; _builder_version=&#8221;3.23.3&#8243; custom_padding=&#8221;0px|||||&#8221;][et_pb_row _builder_version=&#8221;3.23.3&#8243;][et_pb_column type=&#8221;4_4&#8243; _builder_version=&#8221;3.23.3&#8243;][et_pb_accordion _builder_version=&#8221;3.23.3&#8243;][et_pb_accordion_item title=&#8221;Pomiar&#8221; open=&#8221;on&#8221; _builder_version=&#8221;3.23.3&#8243; title_text_shadow_horizontal_length=&#8221;0em&#8221; title_text_shadow_vertical_length=&#8221;0em&#8221; title_text_shadow_blur_strength=&#8221;0em&#8221; closed_title_text_shadow_horizontal_length=&#8221;0em&#8221; closed_title_text_shadow_vertical_length=&#8221;0em&#8221; closed_title_text_shadow_blur_strength=&#8221;0em&#8221;]<\/p>\n<p><span>Zapraszamy projektanta do naszej kuchni w celu dok\u0142adnego pomiaru.<\/span><\/p>\n<p>[\/et_pb_accordion_item][et_pb_accordion_item title=&#8221;Projekt&#8221; open=&#8221;off&#8221; _builder_version=&#8221;3.23.3&#8243; title_text_shadow_horizontal_length=&#8221;0em&#8221; title_text_shadow_vertical_length=&#8221;0em&#8221; title_text_shadow_blur_strength=&#8221;0em&#8221; closed_title_text_shadow_horizontal_length=&#8221;0em&#8221; closed_title_text_shadow_vertical_length=&#8221;0em&#8221; closed_title_text_shadow_blur_strength=&#8221;0em&#8221;]<\/p>\n<p><span>Firma FPHU Serwinowski zajmuje si\u0119 w szczeg\u00f3lno\u015bci tym, co jest zwi\u0105zane z bran\u017c\u0105 mebli kuchennych. Naszym zasadniczym celem jest to, aby zapewni\u0107 klientowi pe\u0142ny komfort przy wyborze: materia\u0142u, kszta\u0142tu, koloru, funkcjonalno\u015bci i estetyki mebli.<\/span><br \/><span>Dlatego uwa\u017camy \u017ce projekt to 70% sukcesu.<\/span><br \/><span>Technika komputerowa pozwala nam zaprojektowa\u0107 kuchnie w obrazie tr\u00f3jwymiarowym, tak, aby klient mia\u0142 mo\u017cliwo\u015b\u0107 jej dok\u0142adnego obejrzenia, dokonania korekty co do ustawienia mebli, zwymiarowania, ustalenia kszta\u0142tu i koloru.<\/span><\/p>\n<p>[\/et_pb_accordion_item][et_pb_accordion_item title=&#8221;Wykonawstwo&#8221; open=&#8221;off&#8221; _builder_version=&#8221;3.23.3&#8243; title_text_shadow_horizontal_length=&#8221;0em&#8221; title_text_shadow_vertical_length=&#8221;0em&#8221; title_text_shadow_blur_strength=&#8221;0em&#8221; closed_title_text_shadow_horizontal_length=&#8221;0em&#8221; closed_title_text_shadow_vertical_length=&#8221;0em&#8221; closed_title_text_shadow_blur_strength=&#8221;0em&#8221;]<\/p>\n<p><span>Dok\u0142adno\u015b\u0107 wykonania jest nasz\u0105 zalet\u0105.<\/span><br \/> <span>Wykorzustuj\u0105c najlepsze materia\u0142y dost\u0119pne na rynku bran\u017cy meblowej w Polsce, m.in.:<\/span><br \/> <span>&#8211; elementy konstrukcyjne z p\u0142yt melaminowych, w oko\u0142o 40 kolorach\u00a0<\/span><br \/> <span>&#8211; wszelkiego rodzaju fronty foliowane\u00a0<\/span><br \/> <span>&#8211; MDF lakierowany oko\u0142o 4000 kolor\u00f3w z palety RAL, ICA, NCS.\u00a0<\/span><br \/> <span>&#8211; fronty fornirowane i drewniane\u00a0<\/span><br \/> <span>&#8211; blaty postformingowe oko\u0142o 400 wzor\u00f3w<\/span><br \/> <span>&#8211; blaty fornirowane z laminatu oraz lakierowane na indywidualne zam\u00f3wienie<\/span><br \/> <span>&#8211; najlepsze okucia (zawiasy, uchwyty, prowadnice i inne) firm\u00a0<\/span><a href=\"http:\/\/www.peka.pl\/\" target=\"_blank\" rel=\"noopener noreferrer\">Peka<\/a><span>,\u00a0<\/span><a href=\"http:\/\/www.belmeb.pl\/\" target=\"_blank\" rel=\"noopener noreferrer\">Belmeb<\/a><span>,\u00a0<\/span><a href=\"http:\/\/www.rejs.eu\/\" target=\"_blank\" rel=\"noopener noreferrer\">Rejs<\/a><span>,\u00a0<\/span><a href=\"http:\/\/gtv.com.pl\/\" target=\"_blank\" rel=\"noopener noreferrer\">GTV<\/a><span>,\u00a0<\/span><a href=\"http:\/\/www.gamet.eu\/\">Gamet<\/a><span>\u00a0oraz\u00a0<\/span><a href=\"http:\/\/www.blum.com\/pl\/pl\/\" target=\"_blank\" rel=\"noopener noreferrer\">Blum<\/a><span>\u00a0<\/span><br \/> <span>pozwalaj\u0105 \u015bmia\u0142o konkurowa\u0107 na rynku o podobnej dzia\u0142alno\u015bci.<\/span><\/p>\n<p>[\/et_pb_accordion_item][et_pb_accordion_item title=&#8221;Monta\u017c&#8221; open=&#8221;off&#8221; _builder_version=&#8221;3.23.3&#8243; title_text_shadow_horizontal_length=&#8221;0em&#8221; title_text_shadow_vertical_length=&#8221;0em&#8221; title_text_shadow_blur_strength=&#8221;0em&#8221; closed_title_text_shadow_horizontal_length=&#8221;0em&#8221; closed_title_text_shadow_vertical_length=&#8221;0em&#8221; closed_title_text_shadow_blur_strength=&#8221;0em&#8221;]<\/p>\n<p><span>Terminowy monta\u017c jest dokonywany z du\u017ca staranno\u015bci\u0105. Pracownicy naszej firmy pomagaj\u0105 we wszelkich korektach dotycz\u0105cych wysoko\u015bci, ustawienia mebli, za\u0142o\u017cenia uchwyt\u00f3w itp.<\/span><br \/><span>Monta\u017c sprz\u0119tu AGD i o\u015bwietlenia wykonujemy bezp\u0142atnie.<\/span><\/p>\n<p>[\/et_pb_accordion_item][\/et_pb_accordion][\/et_pb_column][\/et_pb_row][\/et_pb_section][et_pb_section fb_built=&#8221;1&#8243; specialty=&#8221;on&#8221; _builder_version=&#8221;3.23.3&#8243; background_color=&#8221;#efefef&#8221; custom_padding=&#8221;0px||0px|||&#8221;][et_pb_column type=&#8221;1_2&#8243; _builder_version=&#8221;3.0.47&#8243;][et_pb_image src=&#8221;http:\/\/serwinowski.pl\/wp-content\/uploads\/2019\/06\/39-pomyslow-na-nowoczesna-kuchnie-my-jestesmy-zachwycone-2415199.jpg&#8221; _builder_version=&#8221;3.23.3&#8243;][\/et_pb_image][\/et_pb_column][et_pb_column type=&#8221;1_2&#8243; specialty_columns=&#8221;2&#8243; _builder_version=&#8221;3.0.47&#8243;][et_pb_row_inner _builder_version=&#8221;3.23.3&#8243;][et_pb_column_inner type=&#8221;4_4&#8243; saved_specialty_column_type=&#8221;1_2&#8243; _builder_version=&#8221;3.0.47&#8243;][et_pb_text _builder_version=&#8221;3.23.3&#8243; text_font=&#8221;||||||||&#8221; header_font=&#8221;||||||||&#8221;]<\/p>\n<h4>Posiadamy w swojej ofercie wszelkiego rodzaju fronty:<\/h4>\n<p><strong>Fronty lakierowane:<\/strong><\/p>\n<p>Powierzchnie lakierowane w\/g wzornika RAL, NCS i ICA &#8211; w blisko 4000 kolorach, mat lub po\u0142ysk.<br \/> Zam\u00f3wienia nietypowe, lakiery: per\u0142a, metalik <span>\u00a0<\/span><\/p>\n<p><span><strong>Fronty fornirowane:<\/strong><\/span><\/p>\n<p>Fronty fornirowane i drewniane. Dost\u0119pne wszystkie forniry naturalne typu: olcha, d\u0105b, buk, sosna, orzech, klon.<\/p>\n<p>R\u00f3wnie\u017c forniry egzotyczne: venge, palisander i inne!<\/p>\n<p>&nbsp;<\/p>\n<h4>Akcesoria:<\/h4>\n<p>Sta\u0142a wsp\u00f3\u0142praca odno\u015bnie akcesori\u00f3w z firm\u0105 Belmeb: Blum, Peka, Rejs, GTV, Gamet.<\/p>\n<p>[\/et_pb_text][\/et_pb_column_inner][\/et_pb_row_inner][\/et_pb_column][\/et_pb_section][et_pb_section fb_built=&#8221;1&#8243; fullwidth=&#8221;on&#8221; _builder_version=&#8221;3.23.3&#8243;][et_pb_fullwidth_header title=&#8221;Blaty kuchenne i lady&#8221; _builder_version=&#8221;3.23.3&#8243; title_font=&#8221;||||||||&#8221; title_text_align=&#8221;center&#8221; content_font=&#8221;||||||||&#8221; content_text_align=&#8221;center&#8221; background_color=&#8221;#636363&#8243;]<span>Oferujemy blaty kamienne, granitowe, marmurowe oraz laminowane wed\u0142ug wzornika\u00a0<\/span>Fundermax<span>\u00a0oraz\u00a0<\/span>Corian<span>\u00a0laminaty.<\/span>[\/et_pb_fullwidth_header][\/et_pb_section][et_pb_section fb_built=&#8221;1&#8243; _builder_version=&#8221;3.23.3&#8243; background_color=&#8221;#dbdbdb&#8221; custom_margin=&#8221;||-1px|||&#8221; custom_padding=&#8221;||0px|||&#8221;][et_pb_row _builder_version=&#8221;3.23.3&#8243;][et_pb_column type=&#8221;4_4&#8243; _builder_version=&#8221;3.23.3&#8243;][et_pb_text module_id=&#8221;realizacje&#8221; _builder_version=&#8221;3.23.3&#8243;]<\/p>\n<h1 style=\"text-align: center;\">Realizacje<\/h1>\n<p>[\/et_pb_text][et_pb_gallery gallery_ids=&#8221;639,638,637,636,635,634,633,632,631,630,629,628,627,626,625,1846,1847,1848&#8243; posts_number=&#8221;20&#8243; orientation=&#8221;portrait&#8221; show_title_and_caption=&#8221;off&#8221; show_pagination=&#8221;off&#8221; _builder_version=&#8221;3.23.3&#8243;][\/et_pb_gallery][\/et_pb_column][\/et_pb_row][\/et_pb_section][et_pb_section fb_built=&#8221;1&#8243; _builder_version=&#8221;3.23.3&#8243; custom_padding=&#8221;2px||0px|||&#8221;][et_pb_row _builder_version=&#8221;3.23.3&#8243;][et_pb_column type=&#8221;4_4&#8243; _builder_version=&#8221;3.23.3&#8243;][et_pb_text _builder_version=&#8221;3.23.3&#8243;]<\/p>\n<h2 style=\"text-align: center;\"><b>Chcesz zam\u00f3wi\u0107 wycen\u0119? Napisz do nas!<\/b><\/h2>\n<p style=\"text-align: center;\">Napisz nam w kilku s\u0142owach czego potrzebujesz a my to zrobimy!<\/p>\n<p>[\/et_pb_text][\/et_pb_column][\/et_pb_row][\/et_pb_section][et_pb_section fb_built=&#8221;1&#8243; specialty=&#8221;on&#8221; _builder_version=&#8221;3.23.3&#8243; custom_padding=&#8221;0px||0px|||&#8221;][et_pb_column type=&#8221;1_2&#8243; _builder_version=&#8221;3.0.47&#8243;][et_pb_text _builder_version=&#8221;3.23.3&#8243; custom_padding=&#8221;1px|||||&#8221;]<\/p>\n<p><strong>F.P.H.U Serwinowski\u00a0&#8211; Studio Kuchnie Projektowane<\/strong><br \/> Wac\u0142awa Korty 12<br \/> 32-700 Bochnia<br \/> e-mail: studio@serwinowski.pl<br \/> tel: +48 607 148 325<\/p>\n<p>[\/et_pb_text][\/et_pb_column][et_pb_column type=&#8221;1_2&#8243; specialty_columns=&#8221;2&#8243; _builder_version=&#8221;3.0.47&#8243;][et_pb_row_inner _builder_version=&#8221;3.23.3&#8243;][et_pb_column_inner type=&#8221;4_4&#8243; saved_specialty_column_type=&#8221;1_2&#8243; _builder_version=&#8221;3.0.47&#8243;][et_pb_contact_form email=&#8221;studio@serwinowski.pl&#8221; _builder_version=&#8221;3.23.3&#8243;][et_pb_contact_field field_id=&#8221;Name&#8221; field_title=&#8221;Nazwa&#8221; _builder_version=&#8221;3.16&#8243; border_radii=&#8221;on||||&#8221; button_text_size__hover_enabled=&#8221;off&#8221; button_one_text_size__hover_enabled=&#8221;off&#8221; button_two_text_size__hover_enabled=&#8221;off&#8221; button_text_color__hover_enabled=&#8221;off&#8221; button_one_text_color__hover_enabled=&#8221;off&#8221; button_two_text_color__hover_enabled=&#8221;off&#8221; button_border_width__hover_enabled=&#8221;off&#8221; button_one_border_width__hover_enabled=&#8221;off&#8221; button_two_border_width__hover_enabled=&#8221;off&#8221; button_border_color__hover_enabled=&#8221;off&#8221; button_one_border_color__hover_enabled=&#8221;off&#8221; button_two_border_color__hover_enabled=&#8221;off&#8221; button_border_radius__hover_enabled=&#8221;off&#8221; button_one_border_radius__hover_enabled=&#8221;off&#8221; button_two_border_radius__hover_enabled=&#8221;off&#8221; button_letter_spacing__hover_enabled=&#8221;off&#8221; button_one_letter_spacing__hover_enabled=&#8221;off&#8221; button_two_letter_spacing__hover_enabled=&#8221;off&#8221; button_bg_color__hover_enabled=&#8221;off&#8221; button_one_bg_color__hover_enabled=&#8221;off&#8221; button_two_bg_color__hover_enabled=&#8221;off&#8221;][\/et_pb_contact_field][et_pb_contact_field field_id=&#8221;Email&#8221; field_title=&#8221;Adres mejlowy&#8221; field_type=&#8221;email&#8221; _builder_version=&#8221;3.16&#8243; border_radii=&#8221;on||||&#8221; button_text_size__hover_enabled=&#8221;off&#8221; button_one_text_size__hover_enabled=&#8221;off&#8221; button_two_text_size__hover_enabled=&#8221;off&#8221; button_text_color__hover_enabled=&#8221;off&#8221; button_one_text_color__hover_enabled=&#8221;off&#8221; button_two_text_color__hover_enabled=&#8221;off&#8221; button_border_width__hover_enabled=&#8221;off&#8221; button_one_border_width__hover_enabled=&#8221;off&#8221; button_two_border_width__hover_enabled=&#8221;off&#8221; button_border_color__hover_enabled=&#8221;off&#8221; button_one_border_color__hover_enabled=&#8221;off&#8221; button_two_border_color__hover_enabled=&#8221;off&#8221; button_border_radius__hover_enabled=&#8221;off&#8221; button_one_border_radius__hover_enabled=&#8221;off&#8221; button_two_border_radius__hover_enabled=&#8221;off&#8221; button_letter_spacing__hover_enabled=&#8221;off&#8221; button_one_letter_spacing__hover_enabled=&#8221;off&#8221; button_two_letter_spacing__hover_enabled=&#8221;off&#8221; button_bg_color__hover_enabled=&#8221;off&#8221; button_one_bg_color__hover_enabled=&#8221;off&#8221; button_two_bg_color__hover_enabled=&#8221;off&#8221;][\/et_pb_contact_field][et_pb_contact_field field_id=&#8221;Message&#8221; field_title=&#8221;Wiadomo\u015b\u0107&#8221; field_type=&#8221;text&#8221; fullwidth_field=&#8221;on&#8221; _builder_version=&#8221;3.16&#8243; border_radii=&#8221;on||||&#8221; button_text_size__hover_enabled=&#8221;off&#8221; button_one_text_size__hover_enabled=&#8221;off&#8221; button_two_text_size__hover_enabled=&#8221;off&#8221; button_text_color__hover_enabled=&#8221;off&#8221; button_one_text_color__hover_enabled=&#8221;off&#8221; button_two_text_color__hover_enabled=&#8221;off&#8221; button_border_width__hover_enabled=&#8221;off&#8221; button_one_border_width__hover_enabled=&#8221;off&#8221; button_two_border_width__hover_enabled=&#8221;off&#8221; button_border_color__hover_enabled=&#8221;off&#8221; button_one_border_color__hover_enabled=&#8221;off&#8221; button_two_border_color__hover_enabled=&#8221;off&#8221; button_border_radius__hover_enabled=&#8221;off&#8221; button_one_border_radius__hover_enabled=&#8221;off&#8221; button_two_border_radius__hover_enabled=&#8221;off&#8221; button_letter_spacing__hover_enabled=&#8221;off&#8221; button_one_letter_spacing__hover_enabled=&#8221;off&#8221; button_two_letter_spacing__hover_enabled=&#8221;off&#8221; button_bg_color__hover_enabled=&#8221;off&#8221; button_one_bg_color__hover_enabled=&#8221;off&#8221; button_two_bg_color__hover_enabled=&#8221;off&#8221;][\/et_pb_contact_field][\/et_pb_contact_form][\/et_pb_column_inner][\/et_pb_row_inner][\/et_pb_column][\/et_pb_section][et_pb_section fb_built=&#8221;1&#8243; fullwidth=&#8221;on&#8221; _builder_version=&#8221;3.23.3&#8243;][et_pb_fullwidth_code _builder_version=&#8221;3.23.3&#8243;]<iframe src=\"https:\/\/www.google.com\/maps\/embed?pb=!1m18!1m12!1m3!1d2566.7782028147685!2d20.435956315713586!3d49.959262979410646!2m3!1f0!2f0!3f0!3m2!1i1024!2i768!4f13.1!3m3!1m2!1s0x47163b314cc07c7b%3A0xfb7191ba57d7366e!2sSerwinowski%20Kuchnie%2CAgd%20do%20zabudowy!5e0!3m2!1spl!2spl!4v1570742288013!5m2!1spl!2spl\" width=\"4000\" height=\"400\" frameborder=\"0\" style=\"border:0;\" allowfullscreen=\"\"><\/iframe>[\/et_pb_fullwidth_code][\/et_pb_section]<\/p>\n","protected":false},"excerpt":{"rendered":"<p>Studio Kuchnie Projektowane powsta\u0142o w 2000 roku w Bochni. \u015awiadczymy us\u0142ugi z zakresu projektowania, produkcji oraz sprzeda\u017cy mebli kuchennych.Zapraszamy projektanta do naszej kuchni w celu dok\u0142adnego pomiaru.Firma FPHU Serwinowski zajmuje si\u0119 w szczeg\u00f3lno\u015bci tym, co jest zwi\u0105zane z bran\u017c\u0105 mebli kuchennych. Naszym zasadniczym celem jest to, aby zapewni\u0107 klientowi pe\u0142ny komfort przy wyborze: materia\u0142u, kszta\u0142tu, [&hellip;]<\/p>\n","protected":false},"author":1,"featured_media":0,"parent":0,"menu_order":0,"comment_status":"closed","ping_status":"closed","template":"","meta":{"_et_pb_use_builder":"on","_et_pb_old_content":"<!-- wp:divi\/placeholder \/-->","_et_gb_content_width":""},"yoast_head":"<!-- This site is optimized with the Yoast SEO plugin v17.4 - https:\/\/yoast.com\/wordpress\/plugins\/seo\/ -->\n<title>Meble - Serwinowski: Studio Mebli Kuchennych Bochnia<\/title>\n<meta name=\"robots\" content=\"index, follow, max-snippet:-1, max-image-preview:large, max-video-preview:-1\" \/>\n<link rel=\"canonical\" href=\"http:\/\/serwinowski.pl\/index.php\/meble\/\" \/>\n<meta property=\"og:locale\" content=\"pl_PL\" \/>\n<meta property=\"og:type\" content=\"article\" \/>\n<meta property=\"og:title\" content=\"Meble - Serwinowski: Studio Mebli Kuchennych Bochnia\" \/>\n<meta property=\"og:description\" content=\"Studio Kuchnie Projektowane powsta\u0142o w 2000 roku w Bochni. \u015awiadczymy us\u0142ugi z zakresu projektowania, produkcji oraz sprzeda\u017cy mebli kuchennych.Zapraszamy projektanta do naszej kuchni w celu dok\u0142adnego pomiaru.Firma FPHU Serwinowski zajmuje si\u0119 w szczeg\u00f3lno\u015bci tym, co jest zwi\u0105zane z bran\u017c\u0105 mebli kuchennych. Naszym zasadniczym celem jest to, aby zapewni\u0107 klientowi pe\u0142ny komfort przy wyborze: materia\u0142u, kszta\u0142tu, [&hellip;]\" \/>\n<meta property=\"og:url\" content=\"http:\/\/serwinowski.pl\/index.php\/meble\/\" \/>\n<meta property=\"og:site_name\" content=\"Serwinowski: Studio Mebli Kuchennych Bochnia\" \/>\n<meta property=\"article:publisher\" content=\"https:\/\/www.facebook.com\/Kuchnieserwinowski\/\" \/>\n<meta property=\"article:modified_time\" content=\"2019-11-20T17:20:57+00:00\" \/>\n<meta name=\"twitter:card\" content=\"summary_large_image\" \/>\n<meta name=\"twitter:label1\" content=\"Szacowany czas czytania\" \/>\n\t<meta name=\"twitter:data1\" content=\"8 minut\" \/>\n<script type=\"application\/ld+json\" class=\"yoast-schema-graph\">{\"@context\":\"https:\/\/schema.org\",\"@graph\":[{\"@type\":\"Organization\",\"@id\":\"http:\/\/serwinowski.pl\/#organization\",\"name\":\"Studio Mebli Kuchennych - Serwinowski\",\"url\":\"http:\/\/serwinowski.pl\/\",\"sameAs\":[\"https:\/\/www.facebook.com\/Kuchnieserwinowski\/\"],\"logo\":{\"@type\":\"ImageObject\",\"@id\":\"http:\/\/serwinowski.pl\/#logo\",\"inLanguage\":\"pl-PL\",\"url\":\"http:\/\/serwinowski.pl\/wp-content\/uploads\/2019\/08\/logo-kuchnie.png\",\"contentUrl\":\"http:\/\/serwinowski.pl\/wp-content\/uploads\/2019\/08\/logo-kuchnie.png\",\"width\":2001,\"height\":552,\"caption\":\"Studio Mebli Kuchennych - Serwinowski\"},\"image\":{\"@id\":\"http:\/\/serwinowski.pl\/#logo\"}},{\"@type\":\"WebSite\",\"@id\":\"http:\/\/serwinowski.pl\/#website\",\"url\":\"http:\/\/serwinowski.pl\/\",\"name\":\"Serwinowski: Studio Mebli Kuchennych\",\"description\":\"\",\"publisher\":{\"@id\":\"http:\/\/serwinowski.pl\/#organization\"},\"potentialAction\":[{\"@type\":\"SearchAction\",\"target\":{\"@type\":\"EntryPoint\",\"urlTemplate\":\"http:\/\/serwinowski.pl\/?s={search_term_string}\"},\"query-input\":\"required name=search_term_string\"}],\"inLanguage\":\"pl-PL\"},{\"@type\":\"WebPage\",\"@id\":\"http:\/\/serwinowski.pl\/index.php\/meble\/#webpage\",\"url\":\"http:\/\/serwinowski.pl\/index.php\/meble\/\",\"name\":\"Meble - Serwinowski: Studio Mebli Kuchennych Bochnia\",\"isPartOf\":{\"@id\":\"http:\/\/serwinowski.pl\/#website\"},\"datePublished\":\"2019-08-10T14:12:51+00:00\",\"dateModified\":\"2019-11-20T17:20:57+00:00\",\"breadcrumb\":{\"@id\":\"http:\/\/serwinowski.pl\/index.php\/meble\/#breadcrumb\"},\"inLanguage\":\"pl-PL\",\"potentialAction\":[{\"@type\":\"ReadAction\",\"target\":[\"http:\/\/serwinowski.pl\/index.php\/meble\/\"]}]},{\"@type\":\"BreadcrumbList\",\"@id\":\"http:\/\/serwinowski.pl\/index.php\/meble\/#breadcrumb\",\"itemListElement\":[{\"@type\":\"ListItem\",\"position\":1,\"name\":\"Strona g\\u0142\\u00f3wna\",\"item\":\"http:\/\/serwinowski.pl\/\"},{\"@type\":\"ListItem\",\"position\":2,\"name\":\"Meble\"}]}]}<\/script>\n<!-- \/ Yoast SEO plugin. -->","yoast_head_json":{"title":"Meble - Serwinowski: Studio Mebli Kuchennych Bochnia","robots":{"index":"index","follow":"follow","max-snippet":"max-snippet:-1","max-image-preview":"max-image-preview:large","max-video-preview":"max-video-preview:-1"},"canonical":"http:\/\/serwinowski.pl\/index.php\/meble\/","og_locale":"pl_PL","og_type":"article","og_title":"Meble - Serwinowski: Studio Mebli Kuchennych Bochnia","og_description":"Studio Kuchnie Projektowane powsta\u0142o w 2000 roku w Bochni. \u015awiadczymy us\u0142ugi z zakresu projektowania, produkcji oraz sprzeda\u017cy mebli kuchennych.Zapraszamy projektanta do naszej kuchni w celu dok\u0142adnego pomiaru.Firma FPHU Serwinowski zajmuje si\u0119 w szczeg\u00f3lno\u015bci tym, co jest zwi\u0105zane z bran\u017c\u0105 mebli kuchennych. Naszym zasadniczym celem jest to, aby zapewni\u0107 klientowi pe\u0142ny komfort przy wyborze: materia\u0142u, kszta\u0142tu, [&hellip;]","og_url":"http:\/\/serwinowski.pl\/index.php\/meble\/","og_site_name":"Serwinowski: Studio Mebli Kuchennych Bochnia","article_publisher":"https:\/\/www.facebook.com\/Kuchnieserwinowski\/","article_modified_time":"2019-11-20T17:20:57+00:00","twitter_card":"summary_large_image","twitter_misc":{"Szacowany czas czytania":"8 minut"},"schema":{"@context":"https:\/\/schema.org","@graph":[{"@type":"Organization","@id":"http:\/\/serwinowski.pl\/#organization","name":"Studio Mebli Kuchennych - Serwinowski","url":"http:\/\/serwinowski.pl\/","sameAs":["https:\/\/www.facebook.com\/Kuchnieserwinowski\/"],"logo":{"@type":"ImageObject","@id":"http:\/\/serwinowski.pl\/#logo","inLanguage":"pl-PL","url":"http:\/\/serwinowski.pl\/wp-content\/uploads\/2019\/08\/logo-kuchnie.png","contentUrl":"http:\/\/serwinowski.pl\/wp-content\/uploads\/2019\/08\/logo-kuchnie.png","width":2001,"height":552,"caption":"Studio Mebli Kuchennych - Serwinowski"},"image":{"@id":"http:\/\/serwinowski.pl\/#logo"}},{"@type":"WebSite","@id":"http:\/\/serwinowski.pl\/#website","url":"http:\/\/serwinowski.pl\/","name":"Serwinowski: Studio Mebli Kuchennych","description":"","publisher":{"@id":"http:\/\/serwinowski.pl\/#organization"},"potentialAction":[{"@type":"SearchAction","target":{"@type":"EntryPoint","urlTemplate":"http:\/\/serwinowski.pl\/?s={search_term_string}"},"query-input":"required name=search_term_string"}],"inLanguage":"pl-PL"},{"@type":"WebPage","@id":"http:\/\/serwinowski.pl\/index.php\/meble\/#webpage","url":"http:\/\/serwinowski.pl\/index.php\/meble\/","name":"Meble - Serwinowski: Studio Mebli Kuchennych Bochnia","isPartOf":{"@id":"http:\/\/serwinowski.pl\/#website"},"datePublished":"2019-08-10T14:12:51+00:00","dateModified":"2019-11-20T17:20:57+00:00","breadcrumb":{"@id":"http:\/\/serwinowski.pl\/index.php\/meble\/#breadcrumb"},"inLanguage":"pl-PL","potentialAction":[{"@type":"ReadAction","target":["http:\/\/serwinowski.pl\/index.php\/meble\/"]}]},{"@type":"BreadcrumbList","@id":"http:\/\/serwinowski.pl\/index.php\/meble\/#breadcrumb","itemListElement":[{"@type":"ListItem","position":1,"name":"Strona g\u0142\u00f3wna","item":"http:\/\/serwinowski.pl\/"},{"@type":"ListItem","position":2,"name":"Meble"}]}]}},"_links":{"self":[{"href":"http:\/\/serwinowski.pl\/index.php\/wp-json\/wp\/v2\/pages\/217"}],"collection":[{"href":"http:\/\/serwinowski.pl\/index.php\/wp-json\/wp\/v2\/pages"}],"about":[{"href":"http:\/\/serwinowski.pl\/index.php\/wp-json\/wp\/v2\/types\/page"}],"author":[{"embeddable":true,"href":"http:\/\/serwinowski.pl\/index.php\/wp-json\/wp\/v2\/users\/1"}],"replies":[{"embeddable":true,"href":"http:\/\/serwinowski.pl\/index.php\/wp-json\/wp\/v2\/comments?post=217"}],"version-history":[{"count":62,"href":"http:\/\/serwinowski.pl\/index.php\/wp-json\/wp\/v2\/pages\/217\/revisions"}],"predecessor-version":[{"id":1849,"href":"http:\/\/serwinowski.pl\/index.php\/wp-json\/wp\/v2\/pages\/217\/revisions\/1849"}],"wp:attachment":[{"href":"http:\/\/serwinowski.pl\/index.php\/wp-json\/wp\/v2\/media?parent=217"}],"curies":[{"name":"wp","href":"https:\/\/api.w.org\/{rel}","templated":true}]}}